{"id":3,"date":"2023-10-27T14:18:51","date_gmt":"2023-10-27T17:18:51","guid":{"rendered":"https:\/\/meiconect.com.br\/?page_id=3"},"modified":"2023-11-30T09:54:21","modified_gmt":"2023-11-30T12:54:21","slug":"politica-de-privacidade","status":"publish","type":"page","link":"https:\/\/meiconect.com.br\/index.php\/politica-de-privacidade\/","title":{"rendered":"Pol\u00edtica de privacidade"},"content":{"rendered":"\t\t<div data-elementor-type=\"wp-page\" data-elementor-id=\"3\" class=\"elementor elementor-3\">\n\t\t\t\t<div class=\"elementor-element elementor-element-19cf8cc5 e-flex e-con-boxed e-con e-parent\" data-id=\"19cf8cc5\" data-element_type=\"container\">\n\t\t\t\t\t<div class=\"e-con-inner\">\n\t\t\t\t<div class=\"elementor-element elementor-element-3f0e313c elementor-widget elementor-widget-text-editor\" data-id=\"3f0e313c\" data-element_type=\"widget\" data-widget_type=\"text-editor.default\">\n\t\t\t\t<div class=\"elementor-widget-container\">\n\t\t\t<style>\/*! elementor - v3.21.0 - 08-05-2024 *\/\n.elementor-widget-text-editor.elementor-drop-cap-view-stacked .elementor-drop-cap{background-color:#69727d;color:#fff}.elementor-widget-text-editor.elementor-drop-cap-view-framed .elementor-drop-cap{color:#69727d;border:3px solid;background-color:transparent}.elementor-widget-text-editor:not(.elementor-drop-cap-view-default) .elementor-drop-cap{margin-top:8px}.elementor-widget-text-editor:not(.elementor-drop-cap-view-default) .elementor-drop-cap-letter{width:1em;height:1em}.elementor-widget-text-editor .elementor-drop-cap{float:left;text-align:center;line-height:1;font-size:50px}.elementor-widget-text-editor .elementor-drop-cap-letter{display:inline-block}<\/style>\t\t\t\t<!-- wp:heading -->\n<p><strong>Pol\u00edtica de Privacidade do Site MEI Conect<\/strong><\/p>\n<p>Bem-vindo ao site MEI Conect. Esta p\u00e1gina informa sobre nossas pol\u00edticas relativas \u00e0 coleta, uso e divulga\u00e7\u00e3o de informa\u00e7\u00f5es pessoais que recebemos dos usu\u00e1rios do site.<\/p>\n<p>Ao utilizar o site MEI Conect, voc\u00ea concorda com a coleta e uso de informa\u00e7\u00f5es de acordo com esta pol\u00edtica.<\/p>\n<p><strong>Informa\u00e7\u00f5es Coletadas e Utilizadas<\/strong><\/p>\n<p>Coletamos diferentes tipos de informa\u00e7\u00f5es para diversos fins, a fim de fornecer e melhorar nosso servi\u00e7o. As informa\u00e7\u00f5es podem incluir:<\/p>\n<ol>\n<li>\n<p><strong>Informa\u00e7\u00f5es Pessoais:<\/strong><\/p>\n<ul>\n<li>Nome<\/li>\n<li>Endere\u00e7o de e-mail<\/li>\n<li>N\u00famero de telefone<\/li>\n<\/ul>\n<\/li>\n<li>\n<p><strong>Dados de Navega\u00e7\u00e3o:<\/strong><\/p>\n<ul>\n<li>Endere\u00e7o IP<\/li>\n<li>Tipo de navegador<\/li>\n<li>P\u00e1ginas visitadas<\/li>\n<\/ul>\n<\/li>\n<li>\n<p><strong>Cookies:<\/strong> Utilizamos cookies para melhorar a experi\u00eancia do usu\u00e1rio. Os cookies s\u00e3o pequenos arquivos de texto armazenados no seu dispositivo que nos permitem lembrar de certas informa\u00e7\u00f5es sobre suas prefer\u00eancias.<\/p>\n<\/li>\n<\/ol>\n<p><strong>Uso das Informa\u00e7\u00f5es<\/strong><\/p>\n<p>Utilizamos as informa\u00e7\u00f5es coletadas para os seguintes prop\u00f3sitos:<\/p>\n<ol>\n<li>Fornecer e manter o site MEI Conect;<\/li>\n<li>Notificar sobre altera\u00e7\u00f5es no site;<\/li>\n<li>Melhorar e personalizar a experi\u00eancia do usu\u00e1rio;<\/li>\n<li>Monitorar o uso do site;<\/li>\n<li>Enviar informa\u00e7\u00f5es, respondendo a perguntas e\/ou outras solicita\u00e7\u00f5es.<\/li>\n<\/ol>\n<p><strong>Divulga\u00e7\u00e3o de Informa\u00e7\u00f5es<\/strong><\/p>\n<p>N\u00e3o compartilhamos informa\u00e7\u00f5es pessoais com terceiros, exceto quando exigido por lei ou para fornecer e manter nosso servi\u00e7o.<\/p>\n<p><strong>Seguran\u00e7a<\/strong><\/p>\n<p>A seguran\u00e7a das suas informa\u00e7\u00f5es pessoais \u00e9 importante para n\u00f3s, mas lembre-se de que nenhum m\u00e9todo de transmiss\u00e3o pela Internet ou m\u00e9todo de armazenamento eletr\u00f4nico \u00e9 100% seguro. Embora nos esforcemos para usar meios comercialmente aceit\u00e1veis para proteger suas informa\u00e7\u00f5es pessoais, n\u00e3o podemos garantir sua seguran\u00e7a absoluta.<\/p>\n<p><strong>Links para Outros Sites<\/strong><\/p>\n<p>Nosso site pode conter links para outros sites. Se voc\u00ea clicar em um link de terceiros, ser\u00e1 direcionado para esse site. Recomendamos fortemente que reveja a Pol\u00edtica de Privacidade de cada site que visita.<\/p>\n<p><strong>Altera\u00e7\u00f5es a esta Pol\u00edtica de Privacidade<\/strong><\/p>\n<p>Esta Pol\u00edtica de Privacidade \u00e9 eficaz a partir da data acima e permanecer\u00e1 em vigor, exceto com respeito a quaisquer altera\u00e7\u00f5es em suas disposi\u00e7\u00f5es no futuro, que entrar\u00e3o em vigor imediatamente ap\u00f3s serem publicadas nesta p\u00e1gina.<\/p>\n<p>Reservamo-nos o direito de atualizar ou alterar nossa Pol\u00edtica de Privacidade a qualquer momento, e voc\u00ea deve verificar esta Pol\u00edtica periodicamente. Se fizermos altera\u00e7\u00f5es significativas a esta Pol\u00edtica, iremos notific\u00e1-lo aqui ou por meio de um aviso em destaque no nosso site.<\/p>\n<p><strong>Contato<\/strong><\/p>\n<p>Se tiver alguma d\u00favida sobre esta Pol\u00edtica de Privacidade, entre em contato conosco atrav\u00e9s do e-mail contato.meiconect@gmail.com<\/p>\n<p>Obrigado por escolher o MEI Conect!<\/p>\n<!-- \/wp:paragraph -->\t\t\t\t\t\t<\/div>\n\t\t\t\t<\/div>\n\t\t\t\t\t<\/div>\n\t\t\t\t<\/div>\n\t\t\t\t<\/div>\n\t\t","protected":false},"excerpt":{"rendered":"<p>Pol\u00edtica de Privacidade do Site MEI Conect Bem-vindo ao site MEI Conect. Esta p\u00e1gina informa sobre nossas pol\u00edticas relativas \u00e0 coleta, uso e divulga\u00e7\u00e3o de informa\u00e7\u00f5es pessoais que recebemos dos usu\u00e1rios do site. Ao utilizar o site MEI Conect, voc\u00ea concorda com a coleta e uso de informa\u00e7\u00f5es de acordo com esta pol\u00edtica. Informa\u00e7\u00f5es Coletadas [&hellip;]<\/p>\n","protected":false},"author":1,"featured_media":0,"parent":0,"menu_order":0,"comment_status":"closed","ping_status":"open","template":"elementor_canvas","meta":{"om_disable_all_campaigns":false,"_monsterinsights_skip_tracking":false,"_monsterinsights_sitenote_active":false,"_monsterinsights_sitenote_note":"","_monsterinsights_sitenote_category":0,"_joinchat":[],"footnotes":""},"yoast_head":"<!-- This site is optimized with the Yoast SEO plugin v22.7 - https:\/\/yoast.com\/wordpress\/plugins\/seo\/ -->\n<title>Pol\u00edtica de privacidade MEI Conect - Medianeira, PR %<\/title>\n<meta name=\"description\" content=\"Servi\u00e7o especializado para MEI A MEI Conect oferece servi\u00e7os completos para microempreendedores individuais em Medianeira, PR, incluindo abertura, altera\u00e7\u00e3o, declara\u00e7\u00e3o anual e emiss\u00e3o de NFS-e\" \/>\n<meta name=\"robots\" content=\"index, follow, max-snippet:-1, max-image-preview:large, max-video-preview:-1\" \/>\n<link rel=\"canonical\" href=\"https:\/\/meiconect.com.br\/index.php\/politica-de-privacidade\/\" \/>\n<meta property=\"og:locale\" content=\"pt_BR\" \/>\n<meta property=\"og:type\" content=\"article\" \/>\n<meta property=\"og:title\" content=\"Pol\u00edtica de privacidade MEI Conect - Medianeira, PR %\" \/>\n<meta property=\"og:description\" content=\"Servi\u00e7o especializado para MEI A MEI Conect oferece servi\u00e7os completos para microempreendedores individuais em Medianeira, PR, incluindo abertura, altera\u00e7\u00e3o, declara\u00e7\u00e3o anual e emiss\u00e3o de NFS-e\" \/>\n<meta property=\"og:url\" content=\"https:\/\/meiconect.com.br\/index.php\/politica-de-privacidade\/\" \/>\n<meta property=\"og:site_name\" content=\"Servi\u00e7o especializado para MEI\" \/>\n<meta property=\"article:modified_time\" content=\"2023-11-30T12:54:21+00:00\" \/>\n<meta property=\"og:image\" content=\"https:\/\/meiconect.com.br\/wp-content\/uploads\/2023\/11\/LOGO-SEM-FUNDO-MEI-1.png\" \/>\n\t<meta property=\"og:image:width\" content=\"448\" \/>\n\t<meta property=\"og:image:height\" content=\"404\" \/>\n\t<meta property=\"og:image:type\" content=\"image\/png\" \/>\n<meta name=\"twitter:card\" content=\"summary_large_image\" \/>\n<meta name=\"twitter:label1\" content=\"Est. tempo de leitura\" \/>\n\t<meta name=\"twitter:data1\" content=\"2 minutos\" \/>\n<script type=\"application\/ld+json\" class=\"yoast-schema-graph\">{\"@context\":\"https:\/\/schema.org\",\"@graph\":[{\"@type\":\"WebPage\",\"@id\":\"https:\/\/meiconect.com.br\/index.php\/politica-de-privacidade\/\",\"url\":\"https:\/\/meiconect.com.br\/index.php\/politica-de-privacidade\/\",\"name\":\"Pol\u00edtica de privacidade MEI Conect - Medianeira, PR %\",\"isPartOf\":{\"@id\":\"https:\/\/meiconect.com.br\/#website\"},\"datePublished\":\"2023-10-27T17:18:51+00:00\",\"dateModified\":\"2023-11-30T12:54:21+00:00\",\"description\":\"Servi\u00e7o especializado para MEI A MEI Conect oferece servi\u00e7os completos para microempreendedores individuais em Medianeira, PR, incluindo abertura, altera\u00e7\u00e3o, declara\u00e7\u00e3o anual e emiss\u00e3o de NFS-e\",\"breadcrumb\":{\"@id\":\"https:\/\/meiconect.com.br\/index.php\/politica-de-privacidade\/#breadcrumb\"},\"inLanguage\":\"pt-BR\",\"potentialAction\":[{\"@type\":\"ReadAction\",\"target\":[\"https:\/\/meiconect.com.br\/index.php\/politica-de-privacidade\/\"]}]},{\"@type\":\"BreadcrumbList\",\"@id\":\"https:\/\/meiconect.com.br\/index.php\/politica-de-privacidade\/#breadcrumb\",\"itemListElement\":[{\"@type\":\"ListItem\",\"position\":1,\"name\":\"In\u00edcio\",\"item\":\"https:\/\/meiconect.com.br\/\"},{\"@type\":\"ListItem\",\"position\":2,\"name\":\"Pol\u00edtica de privacidade\"}]},{\"@type\":\"WebSite\",\"@id\":\"https:\/\/meiconect.com.br\/#website\",\"url\":\"https:\/\/meiconect.com.br\/\",\"name\":\"MEI Conect\",\"description\":\"&quot;MEI Conect oferece servi\u00e7os completos para microempreendedores individuais (MEIs) em Medianeira e em todo o Paran\u00e1, incluindo abertura, altera\u00e7\u00e3o, declara\u00e7\u00e3o anual e emiss\u00e3o de NFS-e.&quot;\",\"publisher\":{\"@id\":\"https:\/\/meiconect.com.br\/#organization\"},\"alternateName\":\"MEI Conect PR\",\"potentialAction\":[{\"@type\":\"SearchAction\",\"target\":{\"@type\":\"EntryPoint\",\"urlTemplate\":\"https:\/\/meiconect.com.br\/?s={search_term_string}\"},\"query-input\":\"required name=search_term_string\"}],\"inLanguage\":\"pt-BR\"},{\"@type\":\"Organization\",\"@id\":\"https:\/\/meiconect.com.br\/#organization\",\"name\":\"Servi\u00e7o especializado para MEI\",\"alternateName\":\"MEI Conect Paran\u00e1\",\"url\":\"https:\/\/meiconect.com.br\/\",\"logo\":{\"@type\":\"ImageObject\",\"inLanguage\":\"pt-BR\",\"@id\":\"https:\/\/meiconect.com.br\/#\/schema\/logo\/image\/\",\"url\":\"https:\/\/meiconect.com.br\/wp-content\/uploads\/2023\/11\/LOGO-SEM-FUNDO-MEI-1.png\",\"contentUrl\":\"https:\/\/meiconect.com.br\/wp-content\/uploads\/2023\/11\/LOGO-SEM-FUNDO-MEI-1.png\",\"width\":448,\"height\":404,\"caption\":\"Servi\u00e7o especializado para MEI\"},\"image\":{\"@id\":\"https:\/\/meiconect.com.br\/#\/schema\/logo\/image\/\"},\"sameAs\":[\"https:\/\/www.instagram.com\/mei.conect\/\"]}]}<\/script>\n<!-- \/ Yoast SEO plugin. -->","yoast_head_json":{"title":"Pol\u00edtica de privacidade MEI Conect - Medianeira, PR %","description":"Servi\u00e7o especializado para MEI A MEI Conect oferece servi\u00e7os completos para microempreendedores individuais em Medianeira, PR, incluindo abertura, altera\u00e7\u00e3o, declara\u00e7\u00e3o anual e emiss\u00e3o de NFS-e","robots":{"index":"index","follow":"follow","max-snippet":"max-snippet:-1","max-image-preview":"max-image-preview:large","max-video-preview":"max-video-preview:-1"},"canonical":"https:\/\/meiconect.com.br\/index.php\/politica-de-privacidade\/","og_locale":"pt_BR","og_type":"article","og_title":"Pol\u00edtica de privacidade MEI Conect - Medianeira, PR %","og_description":"Servi\u00e7o especializado para MEI A MEI Conect oferece servi\u00e7os completos para microempreendedores individuais em Medianeira, PR, incluindo abertura, altera\u00e7\u00e3o, declara\u00e7\u00e3o anual e emiss\u00e3o de NFS-e","og_url":"https:\/\/meiconect.com.br\/index.php\/politica-de-privacidade\/","og_site_name":"Servi\u00e7o especializado para MEI","article_modified_time":"2023-11-30T12:54:21+00:00","og_image":[{"width":448,"height":404,"url":"https:\/\/meiconect.com.br\/wp-content\/uploads\/2023\/11\/LOGO-SEM-FUNDO-MEI-1.png","type":"image\/png"}],"twitter_card":"summary_large_image","twitter_misc":{"Est. tempo de leitura":"2 minutos"},"schema":{"@context":"https:\/\/schema.org","@graph":[{"@type":"WebPage","@id":"https:\/\/meiconect.com.br\/index.php\/politica-de-privacidade\/","url":"https:\/\/meiconect.com.br\/index.php\/politica-de-privacidade\/","name":"Pol\u00edtica de privacidade MEI Conect - Medianeira, PR %","isPartOf":{"@id":"https:\/\/meiconect.com.br\/#website"},"datePublished":"2023-10-27T17:18:51+00:00","dateModified":"2023-11-30T12:54:21+00:00","description":"Servi\u00e7o especializado para MEI A MEI Conect oferece servi\u00e7os completos para microempreendedores individuais em Medianeira, PR, incluindo abertura, altera\u00e7\u00e3o, declara\u00e7\u00e3o anual e emiss\u00e3o de NFS-e","breadcrumb":{"@id":"https:\/\/meiconect.com.br\/index.php\/politica-de-privacidade\/#breadcrumb"},"inLanguage":"pt-BR","potentialAction":[{"@type":"ReadAction","target":["https:\/\/meiconect.com.br\/index.php\/politica-de-privacidade\/"]}]},{"@type":"BreadcrumbList","@id":"https:\/\/meiconect.com.br\/index.php\/politica-de-privacidade\/#breadcrumb","itemListElement":[{"@type":"ListItem","position":1,"name":"In\u00edcio","item":"https:\/\/meiconect.com.br\/"},{"@type":"ListItem","position":2,"name":"Pol\u00edtica de privacidade"}]},{"@type":"WebSite","@id":"https:\/\/meiconect.com.br\/#website","url":"https:\/\/meiconect.com.br\/","name":"MEI Conect","description":"&quot;MEI Conect oferece servi\u00e7os completos para microempreendedores individuais (MEIs) em Medianeira e em todo o Paran\u00e1, incluindo abertura, altera\u00e7\u00e3o, declara\u00e7\u00e3o anual e emiss\u00e3o de NFS-e.&quot;","publisher":{"@id":"https:\/\/meiconect.com.br\/#organization"},"alternateName":"MEI Conect PR","potentialAction":[{"@type":"SearchAction","target":{"@type":"EntryPoint","urlTemplate":"https:\/\/meiconect.com.br\/?s={search_term_string}"},"query-input":"required name=search_term_string"}],"inLanguage":"pt-BR"},{"@type":"Organization","@id":"https:\/\/meiconect.com.br\/#organization","name":"Servi\u00e7o especializado para MEI","alternateName":"MEI Conect Paran\u00e1","url":"https:\/\/meiconect.com.br\/","logo":{"@type":"ImageObject","inLanguage":"pt-BR","@id":"https:\/\/meiconect.com.br\/#\/schema\/logo\/image\/","url":"https:\/\/meiconect.com.br\/wp-content\/uploads\/2023\/11\/LOGO-SEM-FUNDO-MEI-1.png","contentUrl":"https:\/\/meiconect.com.br\/wp-content\/uploads\/2023\/11\/LOGO-SEM-FUNDO-MEI-1.png","width":448,"height":404,"caption":"Servi\u00e7o especializado para MEI"},"image":{"@id":"https:\/\/meiconect.com.br\/#\/schema\/logo\/image\/"},"sameAs":["https:\/\/www.instagram.com\/mei.conect\/"]}]}},"_links":{"self":[{"href":"https:\/\/meiconect.com.br\/index.php\/wp-json\/wp\/v2\/pages\/3"}],"collection":[{"href":"https:\/\/meiconect.com.br\/index.php\/wp-json\/wp\/v2\/pages"}],"about":[{"href":"https:\/\/meiconect.com.br\/index.php\/wp-json\/wp\/v2\/types\/page"}],"author":[{"embeddable":true,"href":"https:\/\/meiconect.com.br\/index.php\/wp-json\/wp\/v2\/users\/1"}],"replies":[{"embeddable":true,"href":"https:\/\/meiconect.com.br\/index.php\/wp-json\/wp\/v2\/comments?post=3"}],"version-history":[{"count":4,"href":"https:\/\/meiconect.com.br\/index.php\/wp-json\/wp\/v2\/pages\/3\/revisions"}],"predecessor-version":[{"id":332,"href":"https:\/\/meiconect.com.br\/index.php\/wp-json\/wp\/v2\/pages\/3\/revisions\/332"}],"wp:attachment":[{"href":"https:\/\/meiconect.com.br\/index.php\/wp-json\/wp\/v2\/media?parent=3"}],"curies":[{"name":"wp","href":"https:\/\/api.w.org\/{rel}","templated":true}]}}